{"id":41,"date":"2018-02-11T16:22:50","date_gmt":"2018-02-11T16:22:50","guid":{"rendered":"http:\/\/hornsteinhof.de\/?page_id=41"},"modified":"2024-12-30T15:29:32","modified_gmt":"2024-12-30T15:29:32","slug":"menschen","status":"publish","type":"page","link":"https:\/\/hornsteinhof.de\/?page_id=41","title":{"rendered":"Menschen"},"content":{"rendered":"<p>Wie, die <strong>Familie Klein<\/strong>, leben und arbeiten auf dem Hornsteinhof leben:<\/p>\n<ul>\n<li>Renate und Wilfried<\/li>\n<li>Sohn Jonas<\/li>\n<li>Mitarbeiter Mirek<\/li>\n<li>Mitarbeiterin Vera<\/li>\n<li>Gro\u00dfmutter Emma<\/li>\n<\/ul>\n<p>Vielen Dank auch an die flei\u00dfigen Helferinnen und Helfern, die uns zum Beispiel beim Silo abdecken unterst\u00fctzen! \ud83d\ude42<\/p>\n","protected":false},"excerpt":{"rendered":"<p>Wie, die Familie Klein, leben und arbeiten auf dem Hornsteinhof leben: Renate und Wilfried Sohn Jonas Mitarbeiter Mirek Mitarbeiterin Vera Gro\u00dfmutter Emma Vielen Dank auch an die flei\u00dfigen Helferinnen und Helfern, die uns zum Beispiel beim Silo abdecken unterst\u00fctzen! \ud83d\ude42<\/p>\n","protected":false},"author":1,"featured_media":228,"parent":0,"menu_order":0,"comment_status":"closed","ping_status":"closed","template":"","meta":{"footnotes":""},"class_list":["post-41","page","type-page","status-publish","has-post-thumbnail","hentry"],"jetpack_sharing_enabled":true,"_links":{"self":[{"href":"https:\/\/hornsteinhof.de\/index.php?rest_route=\/wp\/v2\/pages\/41","targetHints":{"allow":["GET"]}}],"collection":[{"href":"https:\/\/hornsteinhof.de\/index.php?rest_route=\/wp\/v2\/pages"}],"about":[{"href":"https:\/\/hornsteinhof.de\/index.php?rest_route=\/wp\/v2\/types\/page"}],"author":[{"embeddable":true,"href":"https:\/\/hornsteinhof.de\/index.php?rest_route=\/wp\/v2\/users\/1"}],"replies":[{"embeddable":true,"href":"https:\/\/hornsteinhof.de\/index.php?rest_route=%2Fwp%2Fv2%2Fcomments&post=41"}],"version-history":[{"count":11,"href":"https:\/\/hornsteinhof.de\/index.php?rest_route=\/wp\/v2\/pages\/41\/revisions"}],"predecessor-version":[{"id":196,"href":"https:\/\/hornsteinhof.de\/index.php?rest_route=\/wp\/v2\/pages\/41\/revisions\/196"}],"wp:featuredmedia":[{"embeddable":true,"href":"https:\/\/hornsteinhof.de\/index.php?rest_route=\/wp\/v2\/media\/228"}],"wp:attachment":[{"href":"https:\/\/hornsteinhof.de\/index.php?rest_route=%2Fwp%2Fv2%2Fmedia&parent=41"}],"curies":[{"name":"wp","href":"https:\/\/api.w.org\/{rel}","templated":true}]}}