{"id":42,"date":"2018-02-11T16:22:50","date_gmt":"2018-02-11T16:22:50","guid":{"rendered":"http:\/\/hornsteinhof.de\/?page_id=42"},"modified":"2024-12-30T15:23:31","modified_gmt":"2024-12-30T15:23:31","slug":"kuehe","status":"publish","type":"page","link":"https:\/\/hornsteinhof.de\/?page_id=42","title":{"rendered":"K\u00fche"},"content":{"rendered":"\n<p>Unsere Milch stammt von <strong>Holstein-K\u00fchen<\/strong>. Die K\u00fche sind \u00fcberwiegend rotbunt und von Natur aus hornlos. Die Nachzucht erfolgt mit Hilfe von zwei Bullen, die wie in der Natur in unserer Herde mitlaufen. Durch die Auswahl der Bullen lenken wir die Zucht auf bestimmte Eigenschaften. Die Tiere stehen &#8211; wenn sie nicht auf der <strong>Weide <\/strong>sind &#8211; in einem Laufstall mit Rundholzanbau.<\/p>\n\n\n\n<p>Unser Zuchtziel sind <strong>gesunde<\/strong>, <strong>mittelgro\u00dfe und genetisch hornlose<\/strong> K\u00fche. So sind die Tiere optimal an das Leben auf der Weide und im Stall angepasst. Die durchschnittliche Lebensleistung der K\u00fche liegt bei 31.500 kg Milch.<\/p>\n\n\n\n<p>Die Bio-Milch liefern wir an die <a href=\"https:\/\/www.allmikaes.de\/\" data-type=\"link\" data-id=\"https:\/\/www.allmikaes.de\/\">Allg\u00e4u Milch K\u00e4se eG<\/a>, eine Molkerei in Kimratshofen im Allg\u00e4u. Milchprodukte aus unserer Milch werden unter anderem unter der Marke <a href=\"https:\/\/www.feneberg.de\/marken\/vonhier\/\" data-type=\"link\" data-id=\"https:\/\/www.feneberg.de\/marken\/vonhier\/\">&#8222;Von Hier&#8220;<\/a> bei der regionalen Lebensmittelkette <a href=\"https:\/\/www.feneberg.de\/\" data-type=\"link\" data-id=\"https:\/\/www.feneberg.de\/\">Feneberg <\/a>und bei Edeka verkauft.<\/p>\n\n\n\n<p><\/p>\n","protected":false},"excerpt":{"rendered":"<p>Unsere Milch stammt von Holstein-K\u00fchen. Die K\u00fche sind \u00fcberwiegend rotbunt und von Natur aus hornlos. Die Nachzucht erfolgt mit Hilfe von zwei Bullen, die wie in der Natur in unserer Herde mitlaufen. Durch die Auswahl der Bullen lenken wir die Zucht auf bestimmte Eigenschaften. Die Tiere stehen &#8211; wenn sie nicht auf der Weide sind &hellip; <a href=\"https:\/\/hornsteinhof.de\/?page_id=42\" class=\"more-link\"><span class=\"screen-reader-text\">K\u00fche<\/span> weiterlesen <span class=\"meta-nav\">&rarr;<\/span><\/a><\/p>\n","protected":false},"author":1,"featured_media":217,"parent":0,"menu_order":0,"comment_status":"closed","ping_status":"closed","template":"","meta":{"footnotes":""},"class_list":["post-42","page","type-page","status-publish","has-post-thumbnail","hentry"],"jetpack_sharing_enabled":true,"_links":{"self":[{"href":"https:\/\/hornsteinhof.de\/index.php?rest_route=\/wp\/v2\/pages\/42","targetHints":{"allow":["GET"]}}],"collection":[{"href":"https:\/\/hornsteinhof.de\/index.php?rest_route=\/wp\/v2\/pages"}],"about":[{"href":"https:\/\/hornsteinhof.de\/index.php?rest_route=\/wp\/v2\/types\/page"}],"author":[{"embeddable":true,"href":"https:\/\/hornsteinhof.de\/index.php?rest_route=\/wp\/v2\/users\/1"}],"replies":[{"embeddable":true,"href":"https:\/\/hornsteinhof.de\/index.php?rest_route=%2Fwp%2Fv2%2Fcomments&post=42"}],"version-history":[{"count":11,"href":"https:\/\/hornsteinhof.de\/index.php?rest_route=\/wp\/v2\/pages\/42\/revisions"}],"predecessor-version":[{"id":191,"href":"https:\/\/hornsteinhof.de\/index.php?rest_route=\/wp\/v2\/pages\/42\/revisions\/191"}],"wp:featuredmedia":[{"embeddable":true,"href":"https:\/\/hornsteinhof.de\/index.php?rest_route=\/wp\/v2\/media\/217"}],"wp:attachment":[{"href":"https:\/\/hornsteinhof.de\/index.php?rest_route=%2Fwp%2Fv2%2Fmedia&parent=42"}],"curies":[{"name":"wp","href":"https:\/\/api.w.org\/{rel}","templated":true}]}}