{"id":43,"date":"2018-02-11T16:22:50","date_gmt":"2018-02-11T16:22:50","guid":{"rendered":"http:\/\/hornsteinhof.de\/?page_id=43"},"modified":"2024-12-30T15:32:46","modified_gmt":"2024-12-30T15:32:46","slug":"fotovoltaik","status":"publish","type":"page","link":"https:\/\/hornsteinhof.de\/?page_id=43","title":{"rendered":"Nachhaltigkeit"},"content":{"rendered":"\n<p><strong>Kraftfutter <\/strong>wird sparsam eingesetzt und stammt vom eigenen Acker oder von Nachbarbetrieben. Nach einem im Jahr 2024 ausgewerteten Praxisversuch des LAZBW Aulendorf erzeugen unsere K\u00fche ca. 0,72 bis 0,75 kg CO2e pro kg ECM.<\/p>\n\n\n\n<p>Seit 2009 betreiben wir eine <strong>Photovoltaikanlage<\/strong>. Insgesamt wandeln wir Sonnenenergie in \u00fcber 100 kW Strom um.<\/p>\n\n\n\n<p>Der gesamte Strom f\u00fcr den Betrieb stammt aus <strong>erneuerbaren Energien<\/strong>.<\/p>\n\n\n\n<p>Auch die W\u00e4rme f\u00fcr den Betrieb gewinnen wir aus erneuerbaren Energien: <strong>Brennholz <\/strong>beziehen wir aus dem eigenen Wald, der regelm\u00e4\u00dfig aufgeforstet wird. Unser Ziel ist es, die Energiekreisl\u00e4ufe auf dem Hof zu schlie\u00dfen.<\/p>\n\n\n\n<p>Unser Abwasser entsorgen wir energieneutral in einer <strong>Pflanzenkl\u00e4ranlage<\/strong>.<\/p>\n\n\n\n<p><\/p>\n","protected":false},"excerpt":{"rendered":"<p>Kraftfutter wird sparsam eingesetzt und stammt vom eigenen Acker oder von Nachbarbetrieben. Nach einem im Jahr 2024 ausgewerteten Praxisversuch des LAZBW Aulendorf erzeugen unsere K\u00fche ca. 0,72 bis 0,75 kg CO2e pro kg ECM. Seit 2009 betreiben wir eine Photovoltaikanlage. Insgesamt wandeln wir Sonnenenergie in \u00fcber 100 kW Strom um. Der gesamte Strom f\u00fcr den &hellip; <a href=\"https:\/\/hornsteinhof.de\/?page_id=43\" class=\"more-link\"><span class=\"screen-reader-text\">Nachhaltigkeit<\/span> weiterlesen <span class=\"meta-nav\">&rarr;<\/span><\/a><\/p>\n","protected":false},"author":1,"featured_media":214,"parent":0,"menu_order":0,"comment_status":"closed","ping_status":"closed","template":"","meta":{"footnotes":""},"class_list":["post-43","page","type-page","status-publish","has-post-thumbnail","hentry"],"jetpack_sharing_enabled":true,"_links":{"self":[{"href":"https:\/\/hornsteinhof.de\/index.php?rest_route=\/wp\/v2\/pages\/43","targetHints":{"allow":["GET"]}}],"collection":[{"href":"https:\/\/hornsteinhof.de\/index.php?rest_route=\/wp\/v2\/pages"}],"about":[{"href":"https:\/\/hornsteinhof.de\/index.php?rest_route=\/wp\/v2\/types\/page"}],"author":[{"embeddable":true,"href":"https:\/\/hornsteinhof.de\/index.php?rest_route=\/wp\/v2\/users\/1"}],"replies":[{"embeddable":true,"href":"https:\/\/hornsteinhof.de\/index.php?rest_route=%2Fwp%2Fv2%2Fcomments&post=43"}],"version-history":[{"count":10,"href":"https:\/\/hornsteinhof.de\/index.php?rest_route=\/wp\/v2\/pages\/43\/revisions"}],"predecessor-version":[{"id":194,"href":"https:\/\/hornsteinhof.de\/index.php?rest_route=\/wp\/v2\/pages\/43\/revisions\/194"}],"wp:featuredmedia":[{"embeddable":true,"href":"https:\/\/hornsteinhof.de\/index.php?rest_route=\/wp\/v2\/media\/214"}],"wp:attachment":[{"href":"https:\/\/hornsteinhof.de\/index.php?rest_route=%2Fwp%2Fv2%2Fmedia&parent=43"}],"curies":[{"name":"wp","href":"https:\/\/api.w.org\/{rel}","templated":true}]}}