{"id":45,"date":"2018-02-11T16:22:50","date_gmt":"2018-02-11T16:22:50","guid":{"rendered":"http:\/\/hornsteinhof.de\/?page_id=45"},"modified":"2024-12-30T15:29:01","modified_gmt":"2024-12-30T15:29:01","slug":"videos","status":"publish","type":"page","link":"https:\/\/hornsteinhof.de\/?page_id=45","title":{"rendered":"Media"},"content":{"rendered":"\n<figure class=\"wp-block-gallery has-nested-images columns-default is-cropped wp-block-gallery-1 is-layout-flex wp-block-gallery-is-layout-flex\">\n<figure class=\"wp-block-image size-large\"><img data-recalc-dims=\"1\" loading=\"lazy\" decoding=\"async\" width=\"700\" height=\"498\" data-id=\"204\" src=\"https:\/\/i0.wp.com\/hornsteinhof.de\/wp-content\/uploads\/2024\/12\/K1600_fabja.jpg?resize=700%2C498&#038;ssl=1\" alt=\"\" class=\"wp-image-204\" srcset=\"https:\/\/i0.wp.com\/hornsteinhof.de\/wp-content\/uploads\/2024\/12\/K1600_fabja.jpg?resize=1024%2C729&amp;ssl=1 1024w, https:\/\/i0.wp.com\/hornsteinhof.de\/wp-content\/uploads\/2024\/12\/K1600_fabja.jpg?resize=300%2C214&amp;ssl=1 300w, https:\/\/i0.wp.com\/hornsteinhof.de\/wp-content\/uploads\/2024\/12\/K1600_fabja.jpg?resize=768%2C547&amp;ssl=1 768w, https:\/\/i0.wp.com\/hornsteinhof.de\/wp-content\/uploads\/2024\/12\/K1600_fabja.jpg?resize=700%2C499&amp;ssl=1 700w, https:\/\/i0.wp.com\/hornsteinhof.de\/wp-content\/uploads\/2024\/12\/K1600_fabja.jpg?resize=562%2C400&amp;ssl=1 562w, https:\/\/i0.wp.com\/hornsteinhof.de\/wp-content\/uploads\/2024\/12\/K1600_fabja.jpg?w=1331&amp;ssl=1 1331w\" sizes=\"auto, (max-width: 700px) 100vw, 700px\" \/><figcaption class=\"wp-element-caption\"><strong>Goodbye, Fabia <\/strong>&#8211; nach 18 Jahren, 119 936 kg Milch und 11 K\u00e4lbern hast du uns in Februar 2023 verlassen. <br>Vielen Dank f\u00fcr alles, du wunderbares Lebewesen!<\/figcaption><\/figure>\n\n\n\n<figure class=\"wp-block-image size-large\"><img data-recalc-dims=\"1\" loading=\"lazy\" decoding=\"async\" width=\"700\" height=\"525\" data-id=\"205\" src=\"https:\/\/i0.wp.com\/hornsteinhof.de\/wp-content\/uploads\/2024\/12\/K1600_Olympia.jpg?resize=700%2C525&#038;ssl=1\" alt=\"\" class=\"wp-image-205\" srcset=\"https:\/\/i0.wp.com\/hornsteinhof.de\/wp-content\/uploads\/2024\/12\/K1600_Olympia.jpg?resize=1024%2C768&amp;ssl=1 1024w, https:\/\/i0.wp.com\/hornsteinhof.de\/wp-content\/uploads\/2024\/12\/K1600_Olympia.jpg?resize=300%2C225&amp;ssl=1 300w, https:\/\/i0.wp.com\/hornsteinhof.de\/wp-content\/uploads\/2024\/12\/K1600_Olympia.jpg?resize=768%2C576&amp;ssl=1 768w, https:\/\/i0.wp.com\/hornsteinhof.de\/wp-content\/uploads\/2024\/12\/K1600_Olympia.jpg?resize=1536%2C1152&amp;ssl=1 1536w, https:\/\/i0.wp.com\/hornsteinhof.de\/wp-content\/uploads\/2024\/12\/K1600_Olympia.jpg?resize=700%2C525&amp;ssl=1 700w, https:\/\/i0.wp.com\/hornsteinhof.de\/wp-content\/uploads\/2024\/12\/K1600_Olympia.jpg?resize=533%2C400&amp;ssl=1 533w, https:\/\/i0.wp.com\/hornsteinhof.de\/wp-content\/uploads\/2024\/12\/K1600_Olympia.jpg?w=1600&amp;ssl=1 1600w, https:\/\/i0.wp.com\/hornsteinhof.de\/wp-content\/uploads\/2024\/12\/K1600_Olympia.jpg?w=1400&amp;ssl=1 1400w\" sizes=\"auto, (max-width: 700px) 100vw, 700px\" \/><figcaption class=\"wp-element-caption\"><strong>Olympia <\/strong>hat 111 525 kg Milch gegeben und bis November 2023genau 13 K\u00e4lber zur Welt gebracht, von denen viele nun als K\u00fche in unserem Stall stehen. Olympia, du warst die Gr\u00f6\u00dfte!<\/figcaption><\/figure>\n<\/figure>\n\n\n\n<figure class=\"wp-block-image size-full\"><img data-recalc-dims=\"1\" loading=\"lazy\" decoding=\"async\" width=\"700\" height=\"525\" src=\"https:\/\/i0.wp.com\/hornsteinhof.de\/wp-content\/uploads\/2024\/12\/K1600_lena-und-mikado.jpg?resize=700%2C525&#038;ssl=1\" alt=\"\" class=\"wp-image-219\" srcset=\"https:\/\/i0.wp.com\/hornsteinhof.de\/wp-content\/uploads\/2024\/12\/K1600_lena-und-mikado.jpg?w=1000&amp;ssl=1 1000w, https:\/\/i0.wp.com\/hornsteinhof.de\/wp-content\/uploads\/2024\/12\/K1600_lena-und-mikado.jpg?resize=300%2C225&amp;ssl=1 300w, https:\/\/i0.wp.com\/hornsteinhof.de\/wp-content\/uploads\/2024\/12\/K1600_lena-und-mikado.jpg?resize=768%2C576&amp;ssl=1 768w, https:\/\/i0.wp.com\/hornsteinhof.de\/wp-content\/uploads\/2024\/12\/K1600_lena-und-mikado.jpg?resize=700%2C525&amp;ssl=1 700w, https:\/\/i0.wp.com\/hornsteinhof.de\/wp-content\/uploads\/2024\/12\/K1600_lena-und-mikado.jpg?resize=533%2C400&amp;ssl=1 533w\" sizes=\"auto, (max-width: 700px) 100vw, 700px\" \/><figcaption class=\"wp-element-caption\">Praktikantin Lena mit ihrer Lieblingskuh Mikado auf der Weide. Danke f\u00fcr das tolle Foto, Lena! &#x1f44f;&#x1f3fb;<\/figcaption><\/figure>\n\n\n\n<figure class=\"wp-block-image size-large\"><img data-recalc-dims=\"1\" loading=\"lazy\" decoding=\"async\" width=\"700\" height=\"525\" src=\"https:\/\/i0.wp.com\/hornsteinhof.de\/wp-content\/uploads\/2024\/12\/K1600_20230928_082842.jpg?resize=700%2C525&#038;ssl=1\" alt=\"\" class=\"wp-image-223\" srcset=\"https:\/\/i0.wp.com\/hornsteinhof.de\/wp-content\/uploads\/2024\/12\/K1600_20230928_082842.jpg?resize=1024%2C768&amp;ssl=1 1024w, https:\/\/i0.wp.com\/hornsteinhof.de\/wp-content\/uploads\/2024\/12\/K1600_20230928_082842.jpg?resize=300%2C225&amp;ssl=1 300w, https:\/\/i0.wp.com\/hornsteinhof.de\/wp-content\/uploads\/2024\/12\/K1600_20230928_082842.jpg?resize=768%2C576&amp;ssl=1 768w, https:\/\/i0.wp.com\/hornsteinhof.de\/wp-content\/uploads\/2024\/12\/K1600_20230928_082842.jpg?resize=1536%2C1152&amp;ssl=1 1536w, https:\/\/i0.wp.com\/hornsteinhof.de\/wp-content\/uploads\/2024\/12\/K1600_20230928_082842.jpg?resize=700%2C525&amp;ssl=1 700w, https:\/\/i0.wp.com\/hornsteinhof.de\/wp-content\/uploads\/2024\/12\/K1600_20230928_082842.jpg?resize=533%2C400&amp;ssl=1 533w, https:\/\/i0.wp.com\/hornsteinhof.de\/wp-content\/uploads\/2024\/12\/K1600_20230928_082842.jpg?w=1600&amp;ssl=1 1600w, https:\/\/i0.wp.com\/hornsteinhof.de\/wp-content\/uploads\/2024\/12\/K1600_20230928_082842.jpg?w=1400&amp;ssl=1 1400w\" sizes=\"auto, (max-width: 700px) 100vw, 700px\" \/><figcaption class=\"wp-element-caption\">Mais spielt f\u00fcr die Ern\u00e4hrung der K\u00fche eine wichtige Rolle.<\/figcaption><\/figure>\n\n\n\n<figure class=\"wp-block-image size-large\"><img data-recalc-dims=\"1\" loading=\"lazy\" decoding=\"async\" width=\"700\" height=\"933\" src=\"https:\/\/i0.wp.com\/hornsteinhof.de\/wp-content\/uploads\/2024\/12\/K1600_IMG_20230527_192031-1.jpg?resize=700%2C933&#038;ssl=1\" alt=\"\" class=\"wp-image-225\" srcset=\"https:\/\/i0.wp.com\/hornsteinhof.de\/wp-content\/uploads\/2024\/12\/K1600_IMG_20230527_192031-1-rotated.jpg?resize=768%2C1024&amp;ssl=1 768w, https:\/\/i0.wp.com\/hornsteinhof.de\/wp-content\/uploads\/2024\/12\/K1600_IMG_20230527_192031-1-rotated.jpg?resize=225%2C300&amp;ssl=1 225w, https:\/\/i0.wp.com\/hornsteinhof.de\/wp-content\/uploads\/2024\/12\/K1600_IMG_20230527_192031-1-rotated.jpg?resize=1152%2C1536&amp;ssl=1 1152w, https:\/\/i0.wp.com\/hornsteinhof.de\/wp-content\/uploads\/2024\/12\/K1600_IMG_20230527_192031-1-rotated.jpg?resize=700%2C933&amp;ssl=1 700w, https:\/\/i0.wp.com\/hornsteinhof.de\/wp-content\/uploads\/2024\/12\/K1600_IMG_20230527_192031-1-rotated.jpg?resize=300%2C400&amp;ssl=1 300w, https:\/\/i0.wp.com\/hornsteinhof.de\/wp-content\/uploads\/2024\/12\/K1600_IMG_20230527_192031-1-rotated.jpg?w=1200&amp;ssl=1 1200w\" sizes=\"auto, (max-width: 700px) 100vw, 700px\" \/><figcaption class=\"wp-element-caption\">Sohn Jonas hat den Hof Mitte 2024 \u00fcbernommen und bewirtschaftet ihn gemeinsam mit seinen Eltern Wilfried und Renate als Klein-Hornsteinhof GbR.<\/figcaption><\/figure>\n\n\n\n<figure class=\"wp-block-image size-large\"><img data-recalc-dims=\"1\" loading=\"lazy\" decoding=\"async\" width=\"700\" height=\"525\" src=\"https:\/\/i0.wp.com\/hornsteinhof.de\/wp-content\/uploads\/2024\/12\/IMG_20230409_163114.jpg?resize=700%2C525&#038;ssl=1\" alt=\"\" class=\"wp-image-226\" srcset=\"https:\/\/i0.wp.com\/hornsteinhof.de\/wp-content\/uploads\/2024\/12\/IMG_20230409_163114-scaled.jpg?resize=1024%2C768&amp;ssl=1 1024w, https:\/\/i0.wp.com\/hornsteinhof.de\/wp-content\/uploads\/2024\/12\/IMG_20230409_163114-scaled.jpg?resize=300%2C225&amp;ssl=1 300w, https:\/\/i0.wp.com\/hornsteinhof.de\/wp-content\/uploads\/2024\/12\/IMG_20230409_163114-scaled.jpg?resize=768%2C576&amp;ssl=1 768w, https:\/\/i0.wp.com\/hornsteinhof.de\/wp-content\/uploads\/2024\/12\/IMG_20230409_163114-scaled.jpg?resize=1536%2C1152&amp;ssl=1 1536w, https:\/\/i0.wp.com\/hornsteinhof.de\/wp-content\/uploads\/2024\/12\/IMG_20230409_163114-scaled.jpg?resize=2048%2C1536&amp;ssl=1 2048w, https:\/\/i0.wp.com\/hornsteinhof.de\/wp-content\/uploads\/2024\/12\/IMG_20230409_163114-scaled.jpg?resize=700%2C525&amp;ssl=1 700w, https:\/\/i0.wp.com\/hornsteinhof.de\/wp-content\/uploads\/2024\/12\/IMG_20230409_163114-scaled.jpg?resize=2000%2C1500&amp;ssl=1 2000w, https:\/\/i0.wp.com\/hornsteinhof.de\/wp-content\/uploads\/2024\/12\/IMG_20230409_163114-scaled.jpg?resize=533%2C400&amp;ssl=1 533w, https:\/\/i0.wp.com\/hornsteinhof.de\/wp-content\/uploads\/2024\/12\/IMG_20230409_163114-scaled.jpg?w=1400&amp;ssl=1 1400w, https:\/\/i0.wp.com\/hornsteinhof.de\/wp-content\/uploads\/2024\/12\/IMG_20230409_163114-scaled.jpg?w=2100&amp;ssl=1 2100w\" sizes=\"auto, (max-width: 700px) 100vw, 700px\" \/><figcaption class=\"wp-element-caption\">Kuh Henriette posiert im Fr\u00fchling &#8211; ist sie nicht ein Schmuckst\u00fcck?<\/figcaption><\/figure>\n\n\n\n<p><\/p>\n\n\n<div class=\"jetpack-video-wrapper\"><iframe loading=\"lazy\" title=\"Bulle Luigi kommt auf die Weide\" width=\"700\" height=\"394\" src=\"https:\/\/www.youtube.com\/embed\/ctvf8gxxlVM?feature=oembed\" frameborder=\"0\" allow=\"accelerometer; autoplay; clipboard-write; encrypted-media; gyroscope; picture-in-picture; web-share\" referrerpolicy=\"strict-origin-when-cross-origin\" allowfullscreen><\/iframe><\/div>\n\n\n<div class=\"jetpack-video-wrapper\"><iframe loading=\"lazy\" title=\"Melken auf dem Hornsteinhof\" width=\"700\" height=\"394\" src=\"https:\/\/www.youtube.com\/embed\/JLqEfeBOsjo?feature=oembed\" frameborder=\"0\" allow=\"accelerometer; autoplay; clipboard-write; encrypted-media; gyroscope; picture-in-picture; web-share\" referrerpolicy=\"strict-origin-when-cross-origin\" allowfullscreen><\/iframe><\/div>\n\n\n<div class=\"jetpack-video-wrapper\"><iframe loading=\"lazy\" title=\"Futter gut, alles gut!\" width=\"700\" height=\"394\" src=\"https:\/\/www.youtube.com\/embed\/6R1R4e2U6zA?feature=oembed\" frameborder=\"0\" allow=\"accelerometer; autoplay; clipboard-write; encrypted-media; gyroscope; picture-in-picture; web-share\" referrerpolicy=\"strict-origin-when-cross-origin\" allowfullscreen><\/iframe><\/div>\n","protected":false},"excerpt":{"rendered":"","protected":false},"author":1,"featured_media":218,"parent":0,"menu_order":0,"comment_status":"closed","ping_status":"closed","template":"templates\/portfolio-page.php","meta":{"footnotes":""},"class_list":["post-45","page","type-page","status-publish","has-post-thumbnail","hentry"],"jetpack_sharing_enabled":true,"_links":{"self":[{"href":"https:\/\/hornsteinhof.de\/index.php?rest_route=\/wp\/v2\/pages\/45","targetHints":{"allow":["GET"]}}],"collection":[{"href":"https:\/\/hornsteinhof.de\/index.php?rest_route=\/wp\/v2\/pages"}],"about":[{"href":"https:\/\/hornsteinhof.de\/index.php?rest_route=\/wp\/v2\/types\/page"}],"author":[{"embeddable":true,"href":"https:\/\/hornsteinhof.de\/index.php?rest_route=\/wp\/v2\/users\/1"}],"replies":[{"embeddable":true,"href":"https:\/\/hornsteinhof.de\/index.php?rest_route=%2Fwp%2Fv2%2Fcomments&post=45"}],"version-history":[{"count":11,"href":"https:\/\/hornsteinhof.de\/index.php?rest_route=\/wp\/v2\/pages\/45\/revisions"}],"predecessor-version":[{"id":227,"href":"https:\/\/hornsteinhof.de\/index.php?rest_route=\/wp\/v2\/pages\/45\/revisions\/227"}],"wp:featuredmedia":[{"embeddable":true,"href":"https:\/\/hornsteinhof.de\/index.php?rest_route=\/wp\/v2\/media\/218"}],"wp:attachment":[{"href":"https:\/\/hornsteinhof.de\/index.php?rest_route=%2Fwp%2Fv2%2Fmedia&parent=45"}],"curies":[{"name":"wp","href":"https:\/\/api.w.org\/{rel}","templated":true}]}}