{"id":47,"date":"2018-02-11T16:22:50","date_gmt":"2018-02-11T16:22:50","guid":{"rendered":"http:\/\/hornsteinhof.de\/?page_id=47"},"modified":"2024-12-30T14:09:28","modified_gmt":"2024-12-30T14:09:28","slug":"willkommen","status":"publish","type":"page","link":"https:\/\/hornsteinhof.de\/","title":{"rendered":"Willkommen"},"content":{"rendered":"<p>Der Hornsteinhof ist ein <strong>\u00f6kologisch<\/strong> bewirtschafteter Bauernhof nach Bioland-Richtlinien. Er liegt in der N\u00e4he des <strong>Bodensees<\/strong> im Luftkurort Deggenhausertal und wird von der Familie Klein als Klein-Hornsteinhof GbR bewirtschaftet.<\/p>\n<p>Unsere K\u00fche geben Bio-Milch, die wir an eine Molkerei in Kimratshofen liefern. Dazu d\u00fcrfen die Tiere immer dann auf die <strong>Weide<\/strong>, wenn es drau\u00dfen gr\u00fcnt und bl\u00fcht &#8211; das h\u00e4lt fit, sieht gut aus und ist gut f\u00fcr die Umwelt.<\/p>\n","protected":false},"excerpt":{"rendered":"<p>Der Hornsteinhof ist ein \u00f6kologisch bewirtschafteter Bauernhof nach Bioland-Richtlinien. Er liegt in der N\u00e4he des Bodensees im Luftkurort Deggenhausertal und wird von der Familie Klein als Klein-Hornsteinhof GbR bewirtschaftet. Unsere K\u00fche geben Bio-Milch, die wir an eine Molkerei in Kimratshofen liefern. Dazu d\u00fcrfen die Tiere immer dann auf die Weide, wenn es drau\u00dfen gr\u00fcnt und &hellip; <a href=\"https:\/\/hornsteinhof.de\/\" class=\"more-link\"><span class=\"screen-reader-text\">Willkommen<\/span> weiterlesen <span class=\"meta-nav\">&rarr;<\/span><\/a><\/p>\n","protected":false},"author":1,"featured_media":0,"parent":0,"menu_order":0,"comment_status":"closed","ping_status":"closed","template":"","meta":{"footnotes":""},"class_list":["post-47","page","type-page","status-publish","hentry"],"jetpack_sharing_enabled":true,"_links":{"self":[{"href":"https:\/\/hornsteinhof.de\/index.php?rest_route=\/wp\/v2\/pages\/47","targetHints":{"allow":["GET"]}}],"collection":[{"href":"https:\/\/hornsteinhof.de\/index.php?rest_route=\/wp\/v2\/pages"}],"about":[{"href":"https:\/\/hornsteinhof.de\/index.php?rest_route=\/wp\/v2\/types\/page"}],"author":[{"embeddable":true,"href":"https:\/\/hornsteinhof.de\/index.php?rest_route=\/wp\/v2\/users\/1"}],"replies":[{"embeddable":true,"href":"https:\/\/hornsteinhof.de\/index.php?rest_route=%2Fwp%2Fv2%2Fcomments&post=47"}],"version-history":[{"count":9,"href":"https:\/\/hornsteinhof.de\/index.php?rest_route=\/wp\/v2\/pages\/47\/revisions"}],"predecessor-version":[{"id":192,"href":"https:\/\/hornsteinhof.de\/index.php?rest_route=\/wp\/v2\/pages\/47\/revisions\/192"}],"wp:attachment":[{"href":"https:\/\/hornsteinhof.de\/index.php?rest_route=%2Fwp%2Fv2%2Fmedia&parent=47"}],"curies":[{"name":"wp","href":"https:\/\/api.w.org\/{rel}","templated":true}]}}